{"id":996,"date":"2017-12-02T22:08:55","date_gmt":"2017-12-02T21:08:55","guid":{"rendered":"http:\/\/btm.sk\/WP\/produkt\/umriet-znamena-vratit-sa-domov-matka-tereza\/"},"modified":"2025-12-01T13:32:23","modified_gmt":"2025-12-01T12:32:23","slug":"umriet-znamena-vratit-sa-domov-matka-tereza","status":"publish","type":"product","link":"https:\/\/btm.sk\/WP\/produkt\/umriet-znamena-vratit-sa-domov-matka-tereza\/","title":{"rendered":"Umrie\u0165 znamen\u00e1 vr\u00e1ti\u0165 sa domov &#8211; Matka Tereza"},"content":{"rendered":"","protected":false},"excerpt":{"rendered":"<p>Kde sa vzala smr\u0165? To je ot\u00e1zka, ktor\u00fa si ur\u010dite polo\u017eil ka\u017ed\u00fd \u010dlovek. A v\u00e4\u010d\u0161ina \u013eud\u00ed m\u00e1 zo smrti strach. Treba sa jej b\u00e1\u0165? Ka\u017ed\u00fd m\u00f4\u017ee spolu so sv. Terezou z Lisieux vyzna\u0165 nasledovn\u00e9: Neumieram, ale vch\u00e1dzam do \u017eivota. Smr\u0165 nie je nejak\u00fd pr\u00edzrak alebo hrozn\u00e1 pr\u00ed\u0161era, ako sa zn\u00e1zor\u0148uje na obrazoch. Kres\u0165ansk\u00e9 u\u010denie hovor\u00ed, \u017ee smr\u0165 je odl\u00fa\u010denie du\u0161e od tela, ni\u010d in\u00e9. A ja nem\u00e1m strach z odl\u00fa\u010denia, ktor\u00e9 ma nav\u017edy spoj\u00ed s dobr\u00fdm Bohom. Pre m\u0148a si nepr\u00edde smr\u0165, ale Boh.<\/p>\n","protected":false},"featured_media":2605,"comment_status":"closed","ping_status":"closed","template":"","meta":[],"_links":{"self":[{"href":"https:\/\/btm.sk\/WP\/wp-json\/wp\/v2\/product\/996"}],"collection":[{"href":"https:\/\/btm.sk\/WP\/wp-json\/wp\/v2\/product"}],"about":[{"href":"https:\/\/btm.sk\/WP\/wp-json\/wp\/v2\/types\/product"}],"replies":[{"embeddable":true,"href":"https:\/\/btm.sk\/WP\/wp-json\/wp\/v2\/comments?post=996"}],"wp:featuredmedia":[{"embeddable":true,"href":"https:\/\/btm.sk\/WP\/wp-json\/wp\/v2\/media\/2605"}],"wp:attachment":[{"href":"https:\/\/btm.sk\/WP\/wp-json\/wp\/v2\/media?parent=996"}],"curies":[{"name":"wp","href":"https:\/\/api.w.org\/{rel}","templated":true}]}}