{"id":995,"date":"2017-12-02T22:08:54","date_gmt":"2017-12-02T21:08:54","guid":{"rendered":"http:\/\/btm.sk\/WP\/produkt\/rozvrh-hodin-motyle-a-vybrane-slova\/"},"modified":"2025-04-04T13:12:09","modified_gmt":"2025-04-04T11:12:09","slug":"rozvrh-hodin-motyle-a-vybrane-slova","status":"publish","type":"product","link":"https:\/\/btm.sk\/WP\/produkt\/rozvrh-hodin-motyle-a-vybrane-slova\/","title":{"rendered":"Rozvrh hod\u00edn &#8211; mot\u00fdle + vybran\u00e9 slov\u00e1"},"content":{"rendered":"","protected":false},"excerpt":{"rendered":"<p>Praktick\u00e1 pom\u00f4cka pre \u0161kol\u00e1kov: rozvrh hod\u00edn s obr\u00e1zkami mot\u00fd\u013eov, vybran\u00fdmi slovami, prav\u00edtkom a biblick\u00fdm ver\u0161om: Posl\u00fachaj radu a prijmi napomenutia, aby si bol m\u00fadry (Biblia, Pr\u00edslovia 19,20).<\/p>\n","protected":false},"featured_media":2729,"comment_status":"closed","ping_status":"closed","template":"","meta":[],"_links":{"self":[{"href":"https:\/\/btm.sk\/WP\/wp-json\/wp\/v2\/product\/995"}],"collection":[{"href":"https:\/\/btm.sk\/WP\/wp-json\/wp\/v2\/product"}],"about":[{"href":"https:\/\/btm.sk\/WP\/wp-json\/wp\/v2\/types\/product"}],"replies":[{"embeddable":true,"href":"https:\/\/btm.sk\/WP\/wp-json\/wp\/v2\/comments?post=995"}],"wp:featuredmedia":[{"embeddable":true,"href":"https:\/\/btm.sk\/WP\/wp-json\/wp\/v2\/media\/2729"}],"wp:attachment":[{"href":"https:\/\/btm.sk\/WP\/wp-json\/wp\/v2\/media?parent=995"}],"curies":[{"name":"wp","href":"https:\/\/api.w.org\/{rel}","templated":true}]}}