{"id":989,"date":"2017-12-02T22:08:53","date_gmt":"2017-12-02T21:08:53","guid":{"rendered":"http:\/\/btm.sk\/WP\/produkt\/racik\/"},"modified":"2024-11-07T19:55:05","modified_gmt":"2024-11-07T18:55:05","slug":"racik","status":"publish","type":"product","link":"https:\/\/btm.sk\/WP\/produkt\/racik\/","title":{"rendered":"R\u00e1\u010dik"},"content":{"rendered":"","protected":false},"excerpt":{"rendered":"<p>B\u00e1sni\u010dka O. Koudelovej o malom r\u00e1\u010dikovi s biblick\u00fdm ver\u0161om: Hovor\u00edm v\u00e1m, \u017ee z ka\u017ed\u00e9ho pr\u00e1zdneho slova, ktor\u00e9 \u013eudia vyslovia, bud\u00fa vyd\u00e1va\u0165 po\u010det v s\u00fadny de\u0148 (Mat\u00fa\u0161 12, 36).<\/p>\n","protected":false},"featured_media":182,"comment_status":"closed","ping_status":"closed","template":"","meta":[],"_links":{"self":[{"href":"https:\/\/btm.sk\/WP\/wp-json\/wp\/v2\/product\/989"}],"collection":[{"href":"https:\/\/btm.sk\/WP\/wp-json\/wp\/v2\/product"}],"about":[{"href":"https:\/\/btm.sk\/WP\/wp-json\/wp\/v2\/types\/product"}],"replies":[{"embeddable":true,"href":"https:\/\/btm.sk\/WP\/wp-json\/wp\/v2\/comments?post=989"}],"wp:featuredmedia":[{"embeddable":true,"href":"https:\/\/btm.sk\/WP\/wp-json\/wp\/v2\/media\/182"}],"wp:attachment":[{"href":"https:\/\/btm.sk\/WP\/wp-json\/wp\/v2\/media?parent=989"}],"curies":[{"name":"wp","href":"https:\/\/api.w.org\/{rel}","templated":true}]}}