{"id":980,"date":"2017-12-02T22:08:52","date_gmt":"2017-12-02T21:08:52","guid":{"rendered":"http:\/\/btm.sk\/WP\/produkt\/zirafa\/"},"modified":"2025-07-04T09:35:20","modified_gmt":"2025-07-04T07:35:20","slug":"zirafa","status":"publish","type":"product","link":"https:\/\/btm.sk\/WP\/produkt\/zirafa\/","title":{"rendered":"\u017dirafa"},"content":{"rendered":"","protected":false},"excerpt":{"rendered":"<p>\u010eal\u0161ia b\u00e1sni\u010dka O. Koudelovej s ver\u0161\u00edkom: Ke\u010f sa niekomu stane, \u017ee zakopne a dopust\u00ed sa nie\u010doho nespr\u00e1vneho, sna\u017ete sa mu poda\u0165 pomocn\u00fa ruku bez pov\u00fd\u0161enosti; nezabudnite, \u017ee zajtra sa v\u00e1m m\u00f4\u017ee prihodi\u0165 to ist\u00e9. (pod\u013ea listu Galatsk\u00fdm 6,1)<\/p>\n","protected":false},"featured_media":979,"comment_status":"closed","ping_status":"closed","template":"","meta":[],"_links":{"self":[{"href":"https:\/\/btm.sk\/WP\/wp-json\/wp\/v2\/product\/980"}],"collection":[{"href":"https:\/\/btm.sk\/WP\/wp-json\/wp\/v2\/product"}],"about":[{"href":"https:\/\/btm.sk\/WP\/wp-json\/wp\/v2\/types\/product"}],"replies":[{"embeddable":true,"href":"https:\/\/btm.sk\/WP\/wp-json\/wp\/v2\/comments?post=980"}],"wp:featuredmedia":[{"embeddable":true,"href":"https:\/\/btm.sk\/WP\/wp-json\/wp\/v2\/media\/979"}],"wp:attachment":[{"href":"https:\/\/btm.sk\/WP\/wp-json\/wp\/v2\/media?parent=980"}],"curies":[{"name":"wp","href":"https:\/\/api.w.org\/{rel}","templated":true}]}}