{"id":960,"date":"2017-12-02T22:08:49","date_gmt":"2017-12-02T21:08:49","guid":{"rendered":"http:\/\/btm.sk\/WP\/produkt\/maly-velkonocny-kviz\/"},"modified":"2025-11-07T08:28:05","modified_gmt":"2025-11-07T07:28:05","slug":"maly-velkonocny-kviz","status":"publish","type":"product","link":"https:\/\/btm.sk\/WP\/produkt\/maly-velkonocny-kviz\/","title":{"rendered":"Mal\u00fd ve\u013ekono\u010dn\u00fd kv\u00edz"},"content":{"rendered":"","protected":false},"excerpt":{"rendered":"<p>V tajni\u010dke je ukryt\u00e9 miesto z Biblie a n\u00e1zov pr\u00edbehu, o ktorom sa tam p\u00ed\u0161e. Ve\u013emi pripom\u00edna pr\u00edbeh z n\u00e1\u0161ho kv\u00edzu. Vyl\u00fa\u0161ten\u00fa tajni\u010dku treba posla\u0165 do konca m\u00e1ja. Do zlosovania bud\u00fa zaraden\u00e9 v\u0161etky deti, ktor\u00e9 n\u00e1m e\u0161te nakreslia pekn\u00fd obr\u00e1zok a nap\u00ed\u0161u nejak\u00fd zauj\u00edmav\u00fd z\u00e1\u017eitok alebo svoj pr\u00edbeh.<\/p>\n","protected":false},"featured_media":2700,"comment_status":"closed","ping_status":"closed","template":"","meta":[],"_links":{"self":[{"href":"https:\/\/btm.sk\/WP\/wp-json\/wp\/v2\/product\/960"}],"collection":[{"href":"https:\/\/btm.sk\/WP\/wp-json\/wp\/v2\/product"}],"about":[{"href":"https:\/\/btm.sk\/WP\/wp-json\/wp\/v2\/types\/product"}],"replies":[{"embeddable":true,"href":"https:\/\/btm.sk\/WP\/wp-json\/wp\/v2\/comments?post=960"}],"wp:featuredmedia":[{"embeddable":true,"href":"https:\/\/btm.sk\/WP\/wp-json\/wp\/v2\/media\/2700"}],"wp:attachment":[{"href":"https:\/\/btm.sk\/WP\/wp-json\/wp\/v2\/media?parent=960"}],"curies":[{"name":"wp","href":"https:\/\/api.w.org\/{rel}","templated":true}]}}