{"id":940,"date":"2017-12-02T22:08:45","date_gmt":"2017-12-02T21:08:45","guid":{"rendered":"http:\/\/btm.sk\/WP\/produkt\/v-jeho-stopach-biblicka-hra-hraci-plan\/"},"modified":"2025-02-10T15:40:17","modified_gmt":"2025-02-10T14:40:17","slug":"v-jeho-stopach-biblicka-hra-hraci-plan","status":"publish","type":"product","link":"https:\/\/btm.sk\/WP\/produkt\/v-jeho-stopach-biblicka-hra-hraci-plan\/","title":{"rendered":"V jeho stop\u00e1ch &#8211; biblick\u00e1 hra (hrac\u00ed pl\u00e1n)"},"content":{"rendered":"","protected":false},"excerpt":{"rendered":"<p>Tohto roku v\u00e1m pon\u00fakame zauj\u00edmav\u00fa hru. Ur\u010dite ste u\u017e videli v zime na snehu stopy zaja\u010dika alebo srnky a sk\u00fa\u0161ali ste ich chv\u00ed\u013eu sledova\u0165. V na\u0161ej hre m\u00f4\u017eete sledova\u0165 stopy P\u00e1na Je\u017ei\u0161a, ktor\u00e9 n\u00e1m tu zanechal: od jeho narodenia a\u017e do chv\u00edle, kedy odi\u0161iel zase k svojmu Otcovi. Ver\u00edme, \u017ee sa pri tejto hre nielen zabav\u00edte, ale \u017ee si spolu s de\u0165mi aj pripomeniete, \u010do v\u0161etko P\u00e1n Je\u017ei\u0161 z l\u00e1sky urobil pre \u013eud\u00ed.<\/p>\n","protected":false},"featured_media":2696,"comment_status":"closed","ping_status":"closed","template":"","meta":[],"_links":{"self":[{"href":"https:\/\/btm.sk\/WP\/wp-json\/wp\/v2\/product\/940"}],"collection":[{"href":"https:\/\/btm.sk\/WP\/wp-json\/wp\/v2\/product"}],"about":[{"href":"https:\/\/btm.sk\/WP\/wp-json\/wp\/v2\/types\/product"}],"replies":[{"embeddable":true,"href":"https:\/\/btm.sk\/WP\/wp-json\/wp\/v2\/comments?post=940"}],"wp:featuredmedia":[{"embeddable":true,"href":"https:\/\/btm.sk\/WP\/wp-json\/wp\/v2\/media\/2696"}],"wp:attachment":[{"href":"https:\/\/btm.sk\/WP\/wp-json\/wp\/v2\/media?parent=940"}],"curies":[{"name":"wp","href":"https:\/\/api.w.org\/{rel}","templated":true}]}}