{"id":938,"date":"2017-12-02T22:08:45","date_gmt":"2017-12-02T21:08:45","guid":{"rendered":"http:\/\/btm.sk\/WP\/produkt\/maly-vianocny-kviz\/"},"modified":"2024-11-11T10:55:22","modified_gmt":"2024-11-11T09:55:22","slug":"maly-vianocny-kviz","status":"publish","type":"product","link":"https:\/\/btm.sk\/WP\/produkt\/maly-vianocny-kviz\/","title":{"rendered":"Mal\u00fd viano\u010dn\u00fd kv\u00edz"},"content":{"rendered":"","protected":false},"excerpt":{"rendered":"<p>Aj tento rok sme pripravili pre deti mal\u00fd viano\u010dn\u00fd kv\u00edz. Do zlosovania bud\u00fa zaraden\u00ed v\u0161etci, ktor\u00ed n\u00e1m okrem spr\u00e1vneho rie\u0161enia tajni\u010dky po\u0161l\u00fa aj obr\u00e1zok alebo kr\u00e1tky viano\u010dn\u00fd pr\u00edbeh.<\/p>\n","protected":false},"featured_media":2598,"comment_status":"closed","ping_status":"closed","template":"","meta":[],"_links":{"self":[{"href":"https:\/\/btm.sk\/WP\/wp-json\/wp\/v2\/product\/938"}],"collection":[{"href":"https:\/\/btm.sk\/WP\/wp-json\/wp\/v2\/product"}],"about":[{"href":"https:\/\/btm.sk\/WP\/wp-json\/wp\/v2\/types\/product"}],"replies":[{"embeddable":true,"href":"https:\/\/btm.sk\/WP\/wp-json\/wp\/v2\/comments?post=938"}],"wp:featuredmedia":[{"embeddable":true,"href":"https:\/\/btm.sk\/WP\/wp-json\/wp\/v2\/media\/2598"}],"wp:attachment":[{"href":"https:\/\/btm.sk\/WP\/wp-json\/wp\/v2\/media?parent=938"}],"curies":[{"name":"wp","href":"https:\/\/api.w.org\/{rel}","templated":true}]}}