{"id":916,"date":"2017-12-02T22:08:42","date_gmt":"2017-12-02T21:08:42","guid":{"rendered":"http:\/\/btm.sk\/WP\/produkt\/cesty-apostola-pavla-prazdninovy-kviz\/"},"modified":"2025-11-07T08:27:29","modified_gmt":"2025-11-07T07:27:29","slug":"cesty-apostola-pavla-prazdninovy-kviz","status":"publish","type":"product","link":"https:\/\/btm.sk\/WP\/produkt\/cesty-apostola-pavla-prazdninovy-kviz\/","title":{"rendered":"CESTY APO\u0160TOLA PAVLA &#8211; pr\u00e1zdninov\u00fd kv\u00edz"},"content":{"rendered":"","protected":false},"excerpt":{"rendered":"<p>Aj tento rok sme pre deti pripravili kv\u00edz na vo\u013en\u00e9 chv\u00edle. Je venovan\u00fd apo\u0161tolovi Pavlovi. Deti maj\u00fa vyrie\u0161i\u0165 \u0161tyri \u00falohy. S\u00fa v nich ukryt\u00e9 n\u00e1zvy miest, ktor\u00e9 apo\u0161tol Pavol nav\u0161t\u00edvil na svojich cest\u00e1ch.<\/p>\n","protected":false},"featured_media":915,"comment_status":"closed","ping_status":"closed","template":"","meta":[],"_links":{"self":[{"href":"https:\/\/btm.sk\/WP\/wp-json\/wp\/v2\/product\/916"}],"collection":[{"href":"https:\/\/btm.sk\/WP\/wp-json\/wp\/v2\/product"}],"about":[{"href":"https:\/\/btm.sk\/WP\/wp-json\/wp\/v2\/types\/product"}],"replies":[{"embeddable":true,"href":"https:\/\/btm.sk\/WP\/wp-json\/wp\/v2\/comments?post=916"}],"wp:featuredmedia":[{"embeddable":true,"href":"https:\/\/btm.sk\/WP\/wp-json\/wp\/v2\/media\/915"}],"wp:attachment":[{"href":"https:\/\/btm.sk\/WP\/wp-json\/wp\/v2\/media?parent=916"}],"curies":[{"name":"wp","href":"https:\/\/api.w.org\/{rel}","templated":true}]}}