{"id":880,"date":"2017-12-02T22:08:37","date_gmt":"2017-12-02T21:08:37","guid":{"rendered":"http:\/\/btm.sk\/WP\/produkt\/matus-58\/"},"modified":"2024-11-20T11:50:54","modified_gmt":"2024-11-20T10:50:54","slug":"matus-58","status":"publish","type":"product","link":"https:\/\/btm.sk\/WP\/produkt\/matus-58\/","title":{"rendered":"Mat\u00fa\u0161 5,8"},"content":{"rendered":"","protected":false},"excerpt":{"rendered":"<p>Z\u00e1lo\u017eka pre deti s biblick\u00fdm ver\u0161om z Ev. Mat\u00fa\u0161a 5,8: Blahoslaven\u00ed \u010dist\u00e9ho srdca, lebo oni uvidia Boha.<\/p>\n","protected":false},"featured_media":2750,"comment_status":"closed","ping_status":"closed","template":"","meta":[],"_links":{"self":[{"href":"https:\/\/btm.sk\/WP\/wp-json\/wp\/v2\/product\/880"}],"collection":[{"href":"https:\/\/btm.sk\/WP\/wp-json\/wp\/v2\/product"}],"about":[{"href":"https:\/\/btm.sk\/WP\/wp-json\/wp\/v2\/types\/product"}],"replies":[{"embeddable":true,"href":"https:\/\/btm.sk\/WP\/wp-json\/wp\/v2\/comments?post=880"}],"wp:featuredmedia":[{"embeddable":true,"href":"https:\/\/btm.sk\/WP\/wp-json\/wp\/v2\/media\/2750"}],"wp:attachment":[{"href":"https:\/\/btm.sk\/WP\/wp-json\/wp\/v2\/media?parent=880"}],"curies":[{"name":"wp","href":"https:\/\/api.w.org\/{rel}","templated":true}]}}