{"id":878,"date":"2017-12-02T22:08:37","date_gmt":"2017-12-02T21:08:37","guid":{"rendered":"http:\/\/btm.sk\/WP\/produkt\/jan-211\/"},"modified":"2024-12-08T22:06:43","modified_gmt":"2024-12-08T21:06:43","slug":"jan-211","status":"publish","type":"product","link":"https:\/\/btm.sk\/WP\/produkt\/jan-211\/","title":{"rendered":"J\u00e1n 2,11"},"content":{"rendered":"","protected":false},"excerpt":{"rendered":"<p>Z\u00e1lo\u017eka pre deti s biblick\u00fdm ver\u0161om z Ev. J\u00e1na 2,11: Toto znamenie v K\u00e1ne Galilejskej bolo prv\u00e9, ktor\u00e9 Je\u017ei\u0161 urobil a zjavil svoju sl\u00e1vu. A uverili v Neho jeho u\u010den\u00edci.<\/p>\n","protected":false},"featured_media":2751,"comment_status":"closed","ping_status":"closed","template":"","meta":[],"_links":{"self":[{"href":"https:\/\/btm.sk\/WP\/wp-json\/wp\/v2\/product\/878"}],"collection":[{"href":"https:\/\/btm.sk\/WP\/wp-json\/wp\/v2\/product"}],"about":[{"href":"https:\/\/btm.sk\/WP\/wp-json\/wp\/v2\/types\/product"}],"replies":[{"embeddable":true,"href":"https:\/\/btm.sk\/WP\/wp-json\/wp\/v2\/comments?post=878"}],"wp:featuredmedia":[{"embeddable":true,"href":"https:\/\/btm.sk\/WP\/wp-json\/wp\/v2\/media\/2751"}],"wp:attachment":[{"href":"https:\/\/btm.sk\/WP\/wp-json\/wp\/v2\/media?parent=878"}],"curies":[{"name":"wp","href":"https:\/\/api.w.org\/{rel}","templated":true}]}}