{"id":876,"date":"2017-12-02T22:08:37","date_gmt":"2017-12-02T21:08:37","guid":{"rendered":"http:\/\/btm.sk\/WP\/produkt\/jan-613\/"},"modified":"2025-05-12T07:58:31","modified_gmt":"2025-05-12T05:58:31","slug":"jan-613","status":"publish","type":"product","link":"https:\/\/btm.sk\/WP\/produkt\/jan-613\/","title":{"rendered":"J\u00e1n 6,13"},"content":{"rendered":"","protected":false},"excerpt":{"rendered":"<p>Z\u00e1lo\u017eka pre deti s biblick\u00fdm ver\u0161om z Ev. J\u00e1na 6,13: Pozbierali teda zvy\u0161ky z t\u00fdch piatich ja\u010dmenn\u00fdch chlebov, ktor\u00e9 po jediacich zv\u00fd\u0161ili, a naplnili nimi dvan\u00e1s\u0165 ko\u0161ov.<\/p>\n","protected":false},"featured_media":2752,"comment_status":"closed","ping_status":"closed","template":"","meta":[],"_links":{"self":[{"href":"https:\/\/btm.sk\/WP\/wp-json\/wp\/v2\/product\/876"}],"collection":[{"href":"https:\/\/btm.sk\/WP\/wp-json\/wp\/v2\/product"}],"about":[{"href":"https:\/\/btm.sk\/WP\/wp-json\/wp\/v2\/types\/product"}],"replies":[{"embeddable":true,"href":"https:\/\/btm.sk\/WP\/wp-json\/wp\/v2\/comments?post=876"}],"wp:featuredmedia":[{"embeddable":true,"href":"https:\/\/btm.sk\/WP\/wp-json\/wp\/v2\/media\/2752"}],"wp:attachment":[{"href":"https:\/\/btm.sk\/WP\/wp-json\/wp\/v2\/media?parent=876"}],"curies":[{"name":"wp","href":"https:\/\/api.w.org\/{rel}","templated":true}]}}