{"id":874,"date":"2017-12-02T22:08:37","date_gmt":"2017-12-02T21:08:37","guid":{"rendered":"http:\/\/btm.sk\/WP\/produkt\/matus-1812\/"},"modified":"2025-05-12T07:58:31","modified_gmt":"2025-05-12T05:58:31","slug":"matus-1812","status":"publish","type":"product","link":"https:\/\/btm.sk\/WP\/produkt\/matus-1812\/","title":{"rendered":"Mat\u00fa\u0161 18,12"},"content":{"rendered":"","protected":false},"excerpt":{"rendered":"<p>Z\u00e1lo\u017eka pre deti s biblick\u00fdm ver\u0161om z Ev. Mat\u00fa\u0161a 18,12: \u010co mysl\u00edte? Keby niekto mal sto oviec a jedna z nich by zabl\u00fadila, \u010di nenech\u00e1 t\u00fdch dev\u00e4\u0165desiatdev\u00e4\u0165 na vrchoch a nep\u00f4jde h\u013eada\u0165 t\u00fa, ktor\u00e1 zabl\u00fadila?<\/p>\n","protected":false},"featured_media":2753,"comment_status":"closed","ping_status":"closed","template":"","meta":[],"_links":{"self":[{"href":"https:\/\/btm.sk\/WP\/wp-json\/wp\/v2\/product\/874"}],"collection":[{"href":"https:\/\/btm.sk\/WP\/wp-json\/wp\/v2\/product"}],"about":[{"href":"https:\/\/btm.sk\/WP\/wp-json\/wp\/v2\/types\/product"}],"replies":[{"embeddable":true,"href":"https:\/\/btm.sk\/WP\/wp-json\/wp\/v2\/comments?post=874"}],"wp:featuredmedia":[{"embeddable":true,"href":"https:\/\/btm.sk\/WP\/wp-json\/wp\/v2\/media\/2753"}],"wp:attachment":[{"href":"https:\/\/btm.sk\/WP\/wp-json\/wp\/v2\/media?parent=874"}],"curies":[{"name":"wp","href":"https:\/\/api.w.org\/{rel}","templated":true}]}}