{"id":872,"date":"2017-12-02T22:08:36","date_gmt":"2017-12-02T21:08:36","guid":{"rendered":"http:\/\/btm.sk\/WP\/produkt\/matus-724\/"},"modified":"2025-05-12T07:58:31","modified_gmt":"2025-05-12T05:58:31","slug":"matus-724","status":"publish","type":"product","link":"https:\/\/btm.sk\/WP\/produkt\/matus-724\/","title":{"rendered":"Mat\u00fa\u0161 7,24"},"content":{"rendered":"","protected":false},"excerpt":{"rendered":"<p>Z\u00e1lo\u017eka pre deti s biblick\u00fdm ver\u0161om z Ev. Mat\u00fa\u0161a 7, 24: Je\u017ei\u0161 povedal: Ka\u017ed\u00fd, kto po\u010d\u00fava tieto moje slov\u00e1 a pln\u00ed ich, podobn\u00fd bude m\u00fadremu mu\u017eovi, ktor\u00fd si postavil dom na skale.<\/p>\n","protected":false},"featured_media":2754,"comment_status":"closed","ping_status":"closed","template":"","meta":[],"_links":{"self":[{"href":"https:\/\/btm.sk\/WP\/wp-json\/wp\/v2\/product\/872"}],"collection":[{"href":"https:\/\/btm.sk\/WP\/wp-json\/wp\/v2\/product"}],"about":[{"href":"https:\/\/btm.sk\/WP\/wp-json\/wp\/v2\/types\/product"}],"replies":[{"embeddable":true,"href":"https:\/\/btm.sk\/WP\/wp-json\/wp\/v2\/comments?post=872"}],"wp:featuredmedia":[{"embeddable":true,"href":"https:\/\/btm.sk\/WP\/wp-json\/wp\/v2\/media\/2754"}],"wp:attachment":[{"href":"https:\/\/btm.sk\/WP\/wp-json\/wp\/v2\/media?parent=872"}],"curies":[{"name":"wp","href":"https:\/\/api.w.org\/{rel}","templated":true}]}}