{"id":836,"date":"2017-12-02T22:08:31","date_gmt":"2017-12-02T21:08:31","guid":{"rendered":"http:\/\/btm.sk\/WP\/produkt\/uzitocny-jezko\/"},"modified":"2024-11-07T19:55:05","modified_gmt":"2024-11-07T18:55:05","slug":"uzitocny-jezko","status":"publish","type":"product","link":"https:\/\/btm.sk\/WP\/produkt\/uzitocny-jezko\/","title":{"rendered":"U\u017eito\u010dn\u00fd je\u017eko"},"content":{"rendered":"","protected":false},"excerpt":{"rendered":"<p>Karti\u010dka pre najmen\u0161\u00edch s b\u00e1sni\u010dkou od Old\u0159i\u0161ky Koudelovej a biblick\u00fdm ver\u0161om z 1. listu Petra 4:10.<\/p>\n","protected":false},"featured_media":835,"comment_status":"closed","ping_status":"closed","template":"","meta":[],"_links":{"self":[{"href":"https:\/\/btm.sk\/WP\/wp-json\/wp\/v2\/product\/836"}],"collection":[{"href":"https:\/\/btm.sk\/WP\/wp-json\/wp\/v2\/product"}],"about":[{"href":"https:\/\/btm.sk\/WP\/wp-json\/wp\/v2\/types\/product"}],"replies":[{"embeddable":true,"href":"https:\/\/btm.sk\/WP\/wp-json\/wp\/v2\/comments?post=836"}],"wp:featuredmedia":[{"embeddable":true,"href":"https:\/\/btm.sk\/WP\/wp-json\/wp\/v2\/media\/835"}],"wp:attachment":[{"href":"https:\/\/btm.sk\/WP\/wp-json\/wp\/v2\/media?parent=836"}],"curies":[{"name":"wp","href":"https:\/\/api.w.org\/{rel}","templated":true}]}}