{"id":826,"date":"2017-12-02T22:08:30","date_gmt":"2017-12-02T21:08:30","guid":{"rendered":"http:\/\/btm.sk\/WP\/produkt\/pysny-pav\/"},"modified":"2024-11-07T19:55:05","modified_gmt":"2024-11-07T18:55:05","slug":"pysny-pav","status":"publish","type":"product","link":"https:\/\/btm.sk\/WP\/produkt\/pysny-pav\/","title":{"rendered":"Py\u0161n\u00fd p\u00e1v"},"content":{"rendered":"","protected":false},"excerpt":{"rendered":"<p>B\u00e1sni\u010dka Old\u0159i\u0161ky Koudelovej s biblick\u00fdm ver\u0161om z 1. listu Petra 5:5.<\/p>\n","protected":false},"featured_media":825,"comment_status":"closed","ping_status":"closed","template":"","meta":[],"_links":{"self":[{"href":"https:\/\/btm.sk\/WP\/wp-json\/wp\/v2\/product\/826"}],"collection":[{"href":"https:\/\/btm.sk\/WP\/wp-json\/wp\/v2\/product"}],"about":[{"href":"https:\/\/btm.sk\/WP\/wp-json\/wp\/v2\/types\/product"}],"replies":[{"embeddable":true,"href":"https:\/\/btm.sk\/WP\/wp-json\/wp\/v2\/comments?post=826"}],"wp:featuredmedia":[{"embeddable":true,"href":"https:\/\/btm.sk\/WP\/wp-json\/wp\/v2\/media\/825"}],"wp:attachment":[{"href":"https:\/\/btm.sk\/WP\/wp-json\/wp\/v2\/media?parent=826"}],"curies":[{"name":"wp","href":"https:\/\/api.w.org\/{rel}","templated":true}]}}