{"id":780,"date":"2017-12-02T22:08:23","date_gmt":"2017-12-02T21:08:23","guid":{"rendered":"http:\/\/btm.sk\/WP\/produkt\/vianoce-u-kaprov\/"},"modified":"2025-12-08T12:22:55","modified_gmt":"2025-12-08T11:22:55","slug":"vianoce-u-kaprov","status":"publish","type":"product","link":"https:\/\/btm.sk\/WP\/produkt\/vianoce-u-kaprov\/","title":{"rendered":"Vianoce u kaprov"},"content":{"rendered":"","protected":false},"excerpt":{"rendered":"<p>\u010eal\u0161ia b\u00e1sni\u010dka Old\u0159i\u0161ky Koudelovej s biblick\u00fdm ver\u0161om zo Skutkov 20,35: Blahoslavenej\u0161ie je d\u00e1va\u0165 ako bra\u0165.<\/p>\n","protected":false},"featured_media":779,"comment_status":"closed","ping_status":"closed","template":"","meta":[],"_links":{"self":[{"href":"https:\/\/btm.sk\/WP\/wp-json\/wp\/v2\/product\/780"}],"collection":[{"href":"https:\/\/btm.sk\/WP\/wp-json\/wp\/v2\/product"}],"about":[{"href":"https:\/\/btm.sk\/WP\/wp-json\/wp\/v2\/types\/product"}],"replies":[{"embeddable":true,"href":"https:\/\/btm.sk\/WP\/wp-json\/wp\/v2\/comments?post=780"}],"wp:featuredmedia":[{"embeddable":true,"href":"https:\/\/btm.sk\/WP\/wp-json\/wp\/v2\/media\/779"}],"wp:attachment":[{"href":"https:\/\/btm.sk\/WP\/wp-json\/wp\/v2\/media?parent=780"}],"curies":[{"name":"wp","href":"https:\/\/api.w.org\/{rel}","templated":true}]}}