{"id":746,"date":"2017-12-02T22:08:18","date_gmt":"2017-12-02T21:08:18","guid":{"rendered":"http:\/\/btm.sk\/WP\/produkt\/stratena-ovecka\/"},"modified":"2024-11-07T19:55:05","modified_gmt":"2024-11-07T18:55:05","slug":"stratena-ovecka","status":"publish","type":"product","link":"https:\/\/btm.sk\/WP\/produkt\/stratena-ovecka\/","title":{"rendered":"Straten\u00e1 ove\u010dka"},"content":{"rendered":"","protected":false},"excerpt":{"rendered":"<p>\u010eal\u0161ia ob\u013e\u00faben\u00e1 detsk\u00e1 karti\u010dka s b\u00e1sni\u010dkou Old\u0159i\u0161ky Koudelovej a s ver\u0161om zo \u017ealmu 23,1. <\/p>\n","protected":false},"featured_media":745,"comment_status":"closed","ping_status":"closed","template":"","meta":[],"_links":{"self":[{"href":"https:\/\/btm.sk\/WP\/wp-json\/wp\/v2\/product\/746"}],"collection":[{"href":"https:\/\/btm.sk\/WP\/wp-json\/wp\/v2\/product"}],"about":[{"href":"https:\/\/btm.sk\/WP\/wp-json\/wp\/v2\/types\/product"}],"replies":[{"embeddable":true,"href":"https:\/\/btm.sk\/WP\/wp-json\/wp\/v2\/comments?post=746"}],"wp:featuredmedia":[{"embeddable":true,"href":"https:\/\/btm.sk\/WP\/wp-json\/wp\/v2\/media\/745"}],"wp:attachment":[{"href":"https:\/\/btm.sk\/WP\/wp-json\/wp\/v2\/media?parent=746"}],"curies":[{"name":"wp","href":"https:\/\/api.w.org\/{rel}","templated":true}]}}