{"id":6750,"date":"2026-04-07T20:42:21","date_gmt":"2026-04-07T18:42:21","guid":{"rendered":"https:\/\/btm.sk\/WP\/?post_type=product&#038;p=6750"},"modified":"2026-04-07T20:44:04","modified_gmt":"2026-04-07T18:44:04","slug":"matka-2","status":"publish","type":"product","link":"https:\/\/btm.sk\/WP\/produkt\/matka-2\/","title":{"rendered":"matka"},"content":{"rendered":"","protected":false},"excerpt":{"rendered":"<p>Iba matka dok\u00e1\u017ee veci, ak\u00e9 nedok\u00e1\u017ee nikto in\u00fd na svete&#8230; (poh\u013eadnica ku D\u0148u matiek)<\/p>\n","protected":false},"featured_media":6735,"comment_status":"closed","ping_status":"closed","template":"","meta":[],"_links":{"self":[{"href":"https:\/\/btm.sk\/WP\/wp-json\/wp\/v2\/product\/6750"}],"collection":[{"href":"https:\/\/btm.sk\/WP\/wp-json\/wp\/v2\/product"}],"about":[{"href":"https:\/\/btm.sk\/WP\/wp-json\/wp\/v2\/types\/product"}],"replies":[{"embeddable":true,"href":"https:\/\/btm.sk\/WP\/wp-json\/wp\/v2\/comments?post=6750"}],"wp:featuredmedia":[{"embeddable":true,"href":"https:\/\/btm.sk\/WP\/wp-json\/wp\/v2\/media\/6735"}],"wp:attachment":[{"href":"https:\/\/btm.sk\/WP\/wp-json\/wp\/v2\/media?parent=6750"}],"curies":[{"name":"wp","href":"https:\/\/api.w.org\/{rel}","templated":true}]}}