{"id":6749,"date":"2026-04-07T20:41:13","date_gmt":"2026-04-07T18:41:13","guid":{"rendered":"https:\/\/btm.sk\/WP\/?post_type=product&#038;p=6749"},"modified":"2026-04-07T20:44:05","modified_gmt":"2026-04-07T18:44:05","slug":"bozia-milost","status":"publish","type":"product","link":"https:\/\/btm.sk\/WP\/produkt\/bozia-milost\/","title":{"rendered":"Bo\u017eia milos\u0165"},"content":{"rendered":"","protected":false},"excerpt":{"rendered":"<p>P\u00e1n Boh nech je s tebou, nech \u0165a sprev\u00e1dza a \u017eehn\u00e1&#8230; (poh\u013eadnica, blaho\u017eelanie)<\/p>\n","protected":false},"featured_media":6741,"comment_status":"closed","ping_status":"closed","template":"","meta":[],"_links":{"self":[{"href":"https:\/\/btm.sk\/WP\/wp-json\/wp\/v2\/product\/6749"}],"collection":[{"href":"https:\/\/btm.sk\/WP\/wp-json\/wp\/v2\/product"}],"about":[{"href":"https:\/\/btm.sk\/WP\/wp-json\/wp\/v2\/types\/product"}],"replies":[{"embeddable":true,"href":"https:\/\/btm.sk\/WP\/wp-json\/wp\/v2\/comments?post=6749"}],"wp:featuredmedia":[{"embeddable":true,"href":"https:\/\/btm.sk\/WP\/wp-json\/wp\/v2\/media\/6741"}],"wp:attachment":[{"href":"https:\/\/btm.sk\/WP\/wp-json\/wp\/v2\/media?parent=6749"}],"curies":[{"name":"wp","href":"https:\/\/api.w.org\/{rel}","templated":true}]}}