{"id":6748,"date":"2026-04-07T20:40:11","date_gmt":"2026-04-07T18:40:11","guid":{"rendered":"https:\/\/btm.sk\/WP\/?post_type=product&#038;p=6748"},"modified":"2026-04-07T20:44:06","modified_gmt":"2026-04-07T18:44:06","slug":"desatoro-lasky","status":"publish","type":"product","link":"https:\/\/btm.sk\/WP\/produkt\/desatoro-lasky\/","title":{"rendered":"desatoro l\u00e1sky"},"content":{"rendered":"","protected":false},"excerpt":{"rendered":"<p>Ako by vyzeral n\u00e1\u0161 \u017eivot bez l\u00e1sky? (jednoduch\u00e1 poh\u013eadnica)<\/p>\n","protected":false},"featured_media":6743,"comment_status":"closed","ping_status":"closed","template":"","meta":[],"_links":{"self":[{"href":"https:\/\/btm.sk\/WP\/wp-json\/wp\/v2\/product\/6748"}],"collection":[{"href":"https:\/\/btm.sk\/WP\/wp-json\/wp\/v2\/product"}],"about":[{"href":"https:\/\/btm.sk\/WP\/wp-json\/wp\/v2\/types\/product"}],"replies":[{"embeddable":true,"href":"https:\/\/btm.sk\/WP\/wp-json\/wp\/v2\/comments?post=6748"}],"wp:featuredmedia":[{"embeddable":true,"href":"https:\/\/btm.sk\/WP\/wp-json\/wp\/v2\/media\/6743"}],"wp:attachment":[{"href":"https:\/\/btm.sk\/WP\/wp-json\/wp\/v2\/media?parent=6748"}],"curies":[{"name":"wp","href":"https:\/\/api.w.org\/{rel}","templated":true}]}}