{"id":6747,"date":"2026-04-07T20:36:48","date_gmt":"2026-04-07T18:36:48","guid":{"rendered":"https:\/\/btm.sk\/WP\/?post_type=product&#038;p=6747"},"modified":"2026-04-07T20:44:11","modified_gmt":"2026-04-07T18:44:11","slug":"naco-sme-tu","status":"publish","type":"product","link":"https:\/\/btm.sk\/WP\/produkt\/naco-sme-tu\/","title":{"rendered":"na\u010do sme tu?"},"content":{"rendered":"","protected":false},"excerpt":{"rendered":"<p>\u00davaha o tom, \u017ee vidite\u013en\u00fdm prejavom \u017eivota, obnoven\u00e9ho bytia \u010dloveka, by mal by\u0165 \u017eivot pln\u00fd ovocia&#8230; \u017dijeme tak\u00fd \u017eivot?<\/p>\n","protected":false},"featured_media":6731,"comment_status":"closed","ping_status":"closed","template":"","meta":[],"_links":{"self":[{"href":"https:\/\/btm.sk\/WP\/wp-json\/wp\/v2\/product\/6747"}],"collection":[{"href":"https:\/\/btm.sk\/WP\/wp-json\/wp\/v2\/product"}],"about":[{"href":"https:\/\/btm.sk\/WP\/wp-json\/wp\/v2\/types\/product"}],"replies":[{"embeddable":true,"href":"https:\/\/btm.sk\/WP\/wp-json\/wp\/v2\/comments?post=6747"}],"wp:featuredmedia":[{"embeddable":true,"href":"https:\/\/btm.sk\/WP\/wp-json\/wp\/v2\/media\/6731"}],"wp:attachment":[{"href":"https:\/\/btm.sk\/WP\/wp-json\/wp\/v2\/media?parent=6747"}],"curies":[{"name":"wp","href":"https:\/\/api.w.org\/{rel}","templated":true}]}}