{"id":6746,"date":"2026-04-07T20:34:00","date_gmt":"2026-04-07T18:34:00","guid":{"rendered":"https:\/\/btm.sk\/WP\/?post_type=product&#038;p=6746"},"modified":"2026-04-07T20:44:12","modified_gmt":"2026-04-07T18:44:12","slug":"da-sa-kupit-stastie","status":"publish","type":"product","link":"https:\/\/btm.sk\/WP\/produkt\/da-sa-kupit-stastie\/","title":{"rendered":"D\u00e1 sa k\u00fapi\u0165 \u0161\u0165astie?"},"content":{"rendered":"","protected":false},"excerpt":{"rendered":"<p>Dne\u0161n\u00e1 spolo\u010dnos\u0165 je zalo\u017een\u00e1 na p\u00f4\u017ei\u010dk\u00e1ch a \u017eivote na dlh. Mnoh\u00ed si myslia, \u017ee s\u00fa to ne\u0161kodn\u00e9 z\u00e1le\u017eitosti. Kam to v\u0161ak vedie? Predstavujeme 5 m\u00fdtov o\u00a0 p\u00f4\u017ei\u010dk\u00e1ch a aj rady, ako zv\u00ed\u0165azi\u0165 nad l\u00e1kav\u00fdmi ponukami aj poku\u0161eniami.<\/p>\n","protected":false},"featured_media":6737,"comment_status":"closed","ping_status":"closed","template":"","meta":[],"_links":{"self":[{"href":"https:\/\/btm.sk\/WP\/wp-json\/wp\/v2\/product\/6746"}],"collection":[{"href":"https:\/\/btm.sk\/WP\/wp-json\/wp\/v2\/product"}],"about":[{"href":"https:\/\/btm.sk\/WP\/wp-json\/wp\/v2\/types\/product"}],"replies":[{"embeddable":true,"href":"https:\/\/btm.sk\/WP\/wp-json\/wp\/v2\/comments?post=6746"}],"wp:featuredmedia":[{"embeddable":true,"href":"https:\/\/btm.sk\/WP\/wp-json\/wp\/v2\/media\/6737"}],"wp:attachment":[{"href":"https:\/\/btm.sk\/WP\/wp-json\/wp\/v2\/media?parent=6746"}],"curies":[{"name":"wp","href":"https:\/\/api.w.org\/{rel}","templated":true}]}}