{"id":6745,"date":"2026-04-07T20:31:02","date_gmt":"2026-04-07T18:31:02","guid":{"rendered":"https:\/\/btm.sk\/WP\/?post_type=product&#038;p=6745"},"modified":"2026-04-07T20:44:21","modified_gmt":"2026-04-07T18:44:21","slug":"v-bozich-rukach-4","status":"publish","type":"product","link":"https:\/\/btm.sk\/WP\/produkt\/v-bozich-rukach-4\/","title":{"rendered":"v Bo\u017e\u00edch ruk\u00e1ch"},"content":{"rendered":"","protected":false},"excerpt":{"rendered":"<p>Samolepky &#8211; vt\u00e1ky s biblick\u00fdm ver\u0161om z Mat\u00fa\u0161a 6,26.<\/p>\n","protected":false},"featured_media":6736,"comment_status":"closed","ping_status":"closed","template":"","meta":[],"_links":{"self":[{"href":"https:\/\/btm.sk\/WP\/wp-json\/wp\/v2\/product\/6745"}],"collection":[{"href":"https:\/\/btm.sk\/WP\/wp-json\/wp\/v2\/product"}],"about":[{"href":"https:\/\/btm.sk\/WP\/wp-json\/wp\/v2\/types\/product"}],"replies":[{"embeddable":true,"href":"https:\/\/btm.sk\/WP\/wp-json\/wp\/v2\/comments?post=6745"}],"wp:featuredmedia":[{"embeddable":true,"href":"https:\/\/btm.sk\/WP\/wp-json\/wp\/v2\/media\/6736"}],"wp:attachment":[{"href":"https:\/\/btm.sk\/WP\/wp-json\/wp\/v2\/media?parent=6745"}],"curies":[{"name":"wp","href":"https:\/\/api.w.org\/{rel}","templated":true}]}}