{"id":6744,"date":"2026-04-07T20:29:20","date_gmt":"2026-04-07T18:29:20","guid":{"rendered":"https:\/\/btm.sk\/WP\/?post_type=product&#038;p=6744"},"modified":"2026-04-07T20:44:20","modified_gmt":"2026-04-07T18:44:20","slug":"boh-nikdy-nemeska","status":"publish","type":"product","link":"https:\/\/btm.sk\/WP\/produkt\/boh-nikdy-nemeska\/","title":{"rendered":"BOH nikdy neme\u0161k\u00e1"},"content":{"rendered":"","protected":false},"excerpt":{"rendered":"<p>Minipoh\u013eadnica s biblick\u00fdm ver\u0161om z proroka Izai\u00e1\u0161a 49,8 a kr\u00e1tkym zamyslen\u00edm.<\/p>\n","protected":false},"featured_media":6734,"comment_status":"closed","ping_status":"closed","template":"","meta":[],"_links":{"self":[{"href":"https:\/\/btm.sk\/WP\/wp-json\/wp\/v2\/product\/6744"}],"collection":[{"href":"https:\/\/btm.sk\/WP\/wp-json\/wp\/v2\/product"}],"about":[{"href":"https:\/\/btm.sk\/WP\/wp-json\/wp\/v2\/types\/product"}],"replies":[{"embeddable":true,"href":"https:\/\/btm.sk\/WP\/wp-json\/wp\/v2\/comments?post=6744"}],"wp:featuredmedia":[{"embeddable":true,"href":"https:\/\/btm.sk\/WP\/wp-json\/wp\/v2\/media\/6734"}],"wp:attachment":[{"href":"https:\/\/btm.sk\/WP\/wp-json\/wp\/v2\/media?parent=6744"}],"curies":[{"name":"wp","href":"https:\/\/api.w.org\/{rel}","templated":true}]}}