{"id":6730,"date":"2026-04-07T20:27:31","date_gmt":"2026-04-07T18:27:31","guid":{"rendered":"https:\/\/btm.sk\/WP\/?post_type=product&#038;p=6730"},"modified":"2026-04-07T20:44:18","modified_gmt":"2026-04-07T18:44:18","slug":"veternica","status":"publish","type":"product","link":"https:\/\/btm.sk\/WP\/produkt\/veternica\/","title":{"rendered":"veternica"},"content":{"rendered":"","protected":false},"excerpt":{"rendered":"<p>Ob\u013e\u00faben\u00e1 magnetka s biblick\u00fdm ver\u0161om z proroka Izai\u00e1\u0161a 49,15-16.<\/p>\n","protected":false},"featured_media":6740,"comment_status":"closed","ping_status":"closed","template":"","meta":[],"_links":{"self":[{"href":"https:\/\/btm.sk\/WP\/wp-json\/wp\/v2\/product\/6730"}],"collection":[{"href":"https:\/\/btm.sk\/WP\/wp-json\/wp\/v2\/product"}],"about":[{"href":"https:\/\/btm.sk\/WP\/wp-json\/wp\/v2\/types\/product"}],"replies":[{"embeddable":true,"href":"https:\/\/btm.sk\/WP\/wp-json\/wp\/v2\/comments?post=6730"}],"wp:featuredmedia":[{"embeddable":true,"href":"https:\/\/btm.sk\/WP\/wp-json\/wp\/v2\/media\/6740"}],"wp:attachment":[{"href":"https:\/\/btm.sk\/WP\/wp-json\/wp\/v2\/media?parent=6730"}],"curies":[{"name":"wp","href":"https:\/\/api.w.org\/{rel}","templated":true}]}}