{"id":6541,"date":"2025-10-16T13:57:33","date_gmt":"2025-10-16T11:57:33","guid":{"rendered":"https:\/\/btm.sk\/WP\/?post_type=product&#038;p=6541"},"modified":"2026-01-02T12:33:24","modified_gmt":"2026-01-02T11:33:24","slug":"vianocna-oslava","status":"publish","type":"product","link":"https:\/\/btm.sk\/WP\/produkt\/vianocna-oslava\/","title":{"rendered":"viano\u010dn\u00e1 oslava"},"content":{"rendered":"","protected":false},"excerpt":{"rendered":"<p class=\"western\" lang=\"en-US\" align=\"left\"><span style=\"color: #262626;\"><span style=\"font-family: Arial, sans-serif;\"><span style=\"font-size: medium;\"><span lang=\"sk-SK\">Vianoce s\u00fa oslavou naroden\u00edn Je\u017ei\u0161a Krista. A to znamen\u00e1 pozva\u0165 Ho do na\u0161ich domovov, rod\u00edn a s\u0155dc. <\/span><\/span><\/span><\/span><span style=\"color: #262626;\"><span style=\"font-family: Arial, sans-serif;\"><span style=\"font-size: medium;\"><span lang=\"sk-SK\">No na oslavu sa treba aj pripravi\u0165, hlavne miesto oslavy &#8211; NA\u0160E SRDCE.<\/span><\/span><\/span><\/span><\/p>\n","protected":false},"featured_media":6529,"comment_status":"closed","ping_status":"closed","template":"","meta":[],"_links":{"self":[{"href":"https:\/\/btm.sk\/WP\/wp-json\/wp\/v2\/product\/6541"}],"collection":[{"href":"https:\/\/btm.sk\/WP\/wp-json\/wp\/v2\/product"}],"about":[{"href":"https:\/\/btm.sk\/WP\/wp-json\/wp\/v2\/types\/product"}],"replies":[{"embeddable":true,"href":"https:\/\/btm.sk\/WP\/wp-json\/wp\/v2\/comments?post=6541"}],"wp:featuredmedia":[{"embeddable":true,"href":"https:\/\/btm.sk\/WP\/wp-json\/wp\/v2\/media\/6529"}],"wp:attachment":[{"href":"https:\/\/btm.sk\/WP\/wp-json\/wp\/v2\/media?parent=6541"}],"curies":[{"name":"wp","href":"https:\/\/api.w.org\/{rel}","templated":true}]}}