{"id":6540,"date":"2025-10-16T13:56:07","date_gmt":"2025-10-16T11:56:07","guid":{"rendered":"https:\/\/btm.sk\/WP\/?post_type=product&#038;p=6540"},"modified":"2026-01-02T12:33:25","modified_gmt":"2026-01-02T11:33:25","slug":"pan-prichadza","status":"publish","type":"product","link":"https:\/\/btm.sk\/WP\/produkt\/pan-prichadza\/","title":{"rendered":"P\u00e1n prich\u00e1dza&#8230;"},"content":{"rendered":"","protected":false},"excerpt":{"rendered":"<p class=\"western\" align=\"left\"><span style=\"color: #1b1b1b;\"><span style=\"font-family: Arial, sans-serif;\"><span style=\"font-size: medium;\">\u017del\u00e1m n\u00e1m v\u0161etk\u00fdm, aby sme Advent aj Vianoce pre\u017eili v tichej radosti. S vierou a vedom\u00edm, \u017ee n\u00e1\u0161 P\u00e1n naozaj prich\u00e1dza&#8230;<\/span><\/span><\/span><\/p>\n","protected":false},"featured_media":6530,"comment_status":"closed","ping_status":"closed","template":"","meta":[],"_links":{"self":[{"href":"https:\/\/btm.sk\/WP\/wp-json\/wp\/v2\/product\/6540"}],"collection":[{"href":"https:\/\/btm.sk\/WP\/wp-json\/wp\/v2\/product"}],"about":[{"href":"https:\/\/btm.sk\/WP\/wp-json\/wp\/v2\/types\/product"}],"replies":[{"embeddable":true,"href":"https:\/\/btm.sk\/WP\/wp-json\/wp\/v2\/comments?post=6540"}],"wp:featuredmedia":[{"embeddable":true,"href":"https:\/\/btm.sk\/WP\/wp-json\/wp\/v2\/media\/6530"}],"wp:attachment":[{"href":"https:\/\/btm.sk\/WP\/wp-json\/wp\/v2\/media?parent=6540"}],"curies":[{"name":"wp","href":"https:\/\/api.w.org\/{rel}","templated":true}]}}