{"id":6539,"date":"2025-10-16T13:54:44","date_gmt":"2025-10-16T11:54:44","guid":{"rendered":"https:\/\/btm.sk\/WP\/?post_type=product&#038;p=6539"},"modified":"2026-01-02T12:33:29","modified_gmt":"2026-01-02T11:33:29","slug":"budme-ako-deti","status":"publish","type":"product","link":"https:\/\/btm.sk\/WP\/produkt\/budme-ako-deti\/","title":{"rendered":"bu\u010fme ako deti&#8230;"},"content":{"rendered":"","protected":false},"excerpt":{"rendered":"<p class=\"western\" lang=\"en-US\" align=\"left\"><span style=\"color: #1b1b1b;\"><span style=\"font-family: Arial, sans-serif;\"><span style=\"font-size: medium;\"><span lang=\"sk-SK\">Sleduj\u00fac detsk\u00fa rados\u0165 som si uvedomila, ako by sme mali aj my, dospel\u00ed, vn\u00edma\u0165 a mo\u017eno aj pre\u017e\u00edva\u0165 Advent a Vianoce&#8230;<\/span><\/span><\/span><\/span><\/p>\n","protected":false},"featured_media":6531,"comment_status":"closed","ping_status":"closed","template":"","meta":[],"_links":{"self":[{"href":"https:\/\/btm.sk\/WP\/wp-json\/wp\/v2\/product\/6539"}],"collection":[{"href":"https:\/\/btm.sk\/WP\/wp-json\/wp\/v2\/product"}],"about":[{"href":"https:\/\/btm.sk\/WP\/wp-json\/wp\/v2\/types\/product"}],"replies":[{"embeddable":true,"href":"https:\/\/btm.sk\/WP\/wp-json\/wp\/v2\/comments?post=6539"}],"wp:featuredmedia":[{"embeddable":true,"href":"https:\/\/btm.sk\/WP\/wp-json\/wp\/v2\/media\/6531"}],"wp:attachment":[{"href":"https:\/\/btm.sk\/WP\/wp-json\/wp\/v2\/media?parent=6539"}],"curies":[{"name":"wp","href":"https:\/\/api.w.org\/{rel}","templated":true}]}}