{"id":6538,"date":"2025-10-16T13:53:32","date_gmt":"2025-10-16T11:53:32","guid":{"rendered":"https:\/\/btm.sk\/WP\/?post_type=product&#038;p=6538"},"modified":"2026-01-02T12:33:34","modified_gmt":"2026-01-02T11:33:34","slug":"novorocna-modlitba","status":"publish","type":"product","link":"https:\/\/btm.sk\/WP\/produkt\/novorocna-modlitba\/","title":{"rendered":"novoro\u010dn\u00e1 modlitba"},"content":{"rendered":"","protected":false},"excerpt":{"rendered":"<p class=\"western\" lang=\"en-US\"><span style=\"font-family: Arial, sans-serif;\"><span lang=\"sk-SK\">Prelom rokov pred n\u00e1s kladie nielen nov\u00e9 \u00falohy a v\u00fdzvy, ale aj memento, \u017ee \u010do sme za\u010dali, mali by sme aj dokon\u010di\u0165 a s \u010dist\u00fdm svedom\u00edm sa tak postavi\u0165 pred Boha&#8230;<\/span><\/span><\/p>\n","protected":false},"featured_media":6532,"comment_status":"closed","ping_status":"closed","template":"","meta":[],"_links":{"self":[{"href":"https:\/\/btm.sk\/WP\/wp-json\/wp\/v2\/product\/6538"}],"collection":[{"href":"https:\/\/btm.sk\/WP\/wp-json\/wp\/v2\/product"}],"about":[{"href":"https:\/\/btm.sk\/WP\/wp-json\/wp\/v2\/types\/product"}],"replies":[{"embeddable":true,"href":"https:\/\/btm.sk\/WP\/wp-json\/wp\/v2\/comments?post=6538"}],"wp:featuredmedia":[{"embeddable":true,"href":"https:\/\/btm.sk\/WP\/wp-json\/wp\/v2\/media\/6532"}],"wp:attachment":[{"href":"https:\/\/btm.sk\/WP\/wp-json\/wp\/v2\/media?parent=6538"}],"curies":[{"name":"wp","href":"https:\/\/api.w.org\/{rel}","templated":true}]}}