{"id":6493,"date":"2025-08-22T18:48:07","date_gmt":"2025-08-22T16:48:07","guid":{"rendered":"https:\/\/btm.sk\/WP\/?post_type=product&#038;p=6493"},"modified":"2025-10-16T14:09:24","modified_gmt":"2025-10-16T12:09:24","slug":"cas-sa-naplnil","status":"publish","type":"product","link":"https:\/\/btm.sk\/WP\/produkt\/cas-sa-naplnil\/","title":{"rendered":"\u010das sa naplnil&#8230;"},"content":{"rendered":"","protected":false},"excerpt":{"rendered":"<p>Kondolen\u010dn\u00e1 poh\u013eadnica s bilick\u00fdmi ver\u0161ami zo \u017dalmu 90,1-3, kr\u00e1tkou b\u00e1s\u0148ou a textom o tom, \u017ee \u010dlovek Bohom stvoren\u00fd sa op\u00e4\u0165 navr\u00e1ti k Bohu. Tam je v dokonalom bezpe\u010d\u00ed. A my m\u00e1me n\u00e1dej, \u017ee sa tam so svoj\u00edm drah\u00fdm stretneme.<\/p>\n","protected":false},"featured_media":6476,"comment_status":"closed","ping_status":"closed","template":"","meta":[],"_links":{"self":[{"href":"https:\/\/btm.sk\/WP\/wp-json\/wp\/v2\/product\/6493"}],"collection":[{"href":"https:\/\/btm.sk\/WP\/wp-json\/wp\/v2\/product"}],"about":[{"href":"https:\/\/btm.sk\/WP\/wp-json\/wp\/v2\/types\/product"}],"replies":[{"embeddable":true,"href":"https:\/\/btm.sk\/WP\/wp-json\/wp\/v2\/comments?post=6493"}],"wp:featuredmedia":[{"embeddable":true,"href":"https:\/\/btm.sk\/WP\/wp-json\/wp\/v2\/media\/6476"}],"wp:attachment":[{"href":"https:\/\/btm.sk\/WP\/wp-json\/wp\/v2\/media?parent=6493"}],"curies":[{"name":"wp","href":"https:\/\/api.w.org\/{rel}","templated":true}]}}