{"id":6485,"date":"2025-08-22T18:39:26","date_gmt":"2025-08-22T16:39:26","guid":{"rendered":"https:\/\/btm.sk\/WP\/?post_type=product&#038;p=6485"},"modified":"2026-04-07T20:43:15","modified_gmt":"2026-04-07T18:43:15","slug":"minikalendarik-na-rok-2026-2","status":"publish","type":"product","link":"https:\/\/btm.sk\/WP\/produkt\/minikalendarik-na-rok-2026-2\/","title":{"rendered":"minikalend\u00e1rik na rok 2026"},"content":{"rendered":"","protected":false},"excerpt":{"rendered":"<p>Minikalend\u00e1riky s biblick\u00fdm ver\u0161om z proroka Izai\u00e1\u0161a 66,13.<\/p>\n","protected":false},"featured_media":6469,"comment_status":"closed","ping_status":"closed","template":"","meta":[],"_links":{"self":[{"href":"https:\/\/btm.sk\/WP\/wp-json\/wp\/v2\/product\/6485"}],"collection":[{"href":"https:\/\/btm.sk\/WP\/wp-json\/wp\/v2\/product"}],"about":[{"href":"https:\/\/btm.sk\/WP\/wp-json\/wp\/v2\/types\/product"}],"replies":[{"embeddable":true,"href":"https:\/\/btm.sk\/WP\/wp-json\/wp\/v2\/comments?post=6485"}],"wp:featuredmedia":[{"embeddable":true,"href":"https:\/\/btm.sk\/WP\/wp-json\/wp\/v2\/media\/6469"}],"wp:attachment":[{"href":"https:\/\/btm.sk\/WP\/wp-json\/wp\/v2\/media?parent=6485"}],"curies":[{"name":"wp","href":"https:\/\/api.w.org\/{rel}","templated":true}]}}