{"id":6483,"date":"2025-08-22T18:36:40","date_gmt":"2025-08-22T16:36:40","guid":{"rendered":"https:\/\/btm.sk\/WP\/?post_type=product&#038;p=6483"},"modified":"2026-04-07T20:43:17","modified_gmt":"2026-04-07T18:43:17","slug":"pohladnicovy-kalendar-2026","status":"publish","type":"product","link":"https:\/\/btm.sk\/WP\/produkt\/pohladnicovy-kalendar-2026\/","title":{"rendered":"poh\u013eadnicov\u00fd kalend\u00e1r 2026"},"content":{"rendered":"","protected":false},"excerpt":{"rendered":"<p>Tradi\u010dn\u00fd kalend\u00e1r form\u00e1tu A5 s biblick\u00fdmi ver\u0161ami a aforizmami Pavla Kosorina. Obr\u00e1zky sa daj\u00fa pou\u017ei\u0165 ako poh\u013eadnice.<\/p>\n","protected":false},"featured_media":6461,"comment_status":"closed","ping_status":"closed","template":"","meta":[],"_links":{"self":[{"href":"https:\/\/btm.sk\/WP\/wp-json\/wp\/v2\/product\/6483"}],"collection":[{"href":"https:\/\/btm.sk\/WP\/wp-json\/wp\/v2\/product"}],"about":[{"href":"https:\/\/btm.sk\/WP\/wp-json\/wp\/v2\/types\/product"}],"replies":[{"embeddable":true,"href":"https:\/\/btm.sk\/WP\/wp-json\/wp\/v2\/comments?post=6483"}],"wp:featuredmedia":[{"embeddable":true,"href":"https:\/\/btm.sk\/WP\/wp-json\/wp\/v2\/media\/6461"}],"wp:attachment":[{"href":"https:\/\/btm.sk\/WP\/wp-json\/wp\/v2\/media?parent=6483"}],"curies":[{"name":"wp","href":"https:\/\/api.w.org\/{rel}","templated":true}]}}