{"id":6431,"date":"2025-06-11T10:34:28","date_gmt":"2025-06-11T08:34:28","guid":{"rendered":"https:\/\/btm.sk\/WP\/?post_type=product&#038;p=6431"},"modified":"2025-08-22T18:49:53","modified_gmt":"2025-08-22T16:49:53","slug":"pozehnanie-3","status":"publish","type":"product","link":"https:\/\/btm.sk\/WP\/produkt\/pozehnanie-3\/","title":{"rendered":"po\u017eehnanie"},"content":{"rendered":"","protected":false},"excerpt":{"rendered":"<p>Nech \u0165a \u017eehn\u00e1 Boh, nech je s tebou, nech ti pom\u00e1ha, nech \u0165a pote\u0161\u00ed&#8230;\u00a0 (jednoduch\u00e1 poh\u013eadnica, blaho\u017eelanie)<\/p>\n","protected":false},"featured_media":6426,"comment_status":"closed","ping_status":"closed","template":"","meta":[],"_links":{"self":[{"href":"https:\/\/btm.sk\/WP\/wp-json\/wp\/v2\/product\/6431"}],"collection":[{"href":"https:\/\/btm.sk\/WP\/wp-json\/wp\/v2\/product"}],"about":[{"href":"https:\/\/btm.sk\/WP\/wp-json\/wp\/v2\/types\/product"}],"replies":[{"embeddable":true,"href":"https:\/\/btm.sk\/WP\/wp-json\/wp\/v2\/comments?post=6431"}],"wp:featuredmedia":[{"embeddable":true,"href":"https:\/\/btm.sk\/WP\/wp-json\/wp\/v2\/media\/6426"}],"wp:attachment":[{"href":"https:\/\/btm.sk\/WP\/wp-json\/wp\/v2\/media?parent=6431"}],"curies":[{"name":"wp","href":"https:\/\/api.w.org\/{rel}","templated":true}]}}