{"id":6430,"date":"2025-06-11T10:32:57","date_gmt":"2025-06-11T08:32:57","guid":{"rendered":"https:\/\/btm.sk\/WP\/?post_type=product&#038;p=6430"},"modified":"2025-08-22T18:49:55","modified_gmt":"2025-08-22T16:49:55","slug":"pohlad-zhora","status":"publish","type":"product","link":"https:\/\/btm.sk\/WP\/produkt\/pohlad-zhora\/","title":{"rendered":"poh\u013ead zhora"},"content":{"rendered":"","protected":false},"excerpt":{"rendered":"<p>Poh\u013ead zhora je fascinuj\u00faci. Ka\u017ed\u00fd, kto niekedy letel bal\u00f3nom, to potvrd\u00ed. Je to preto, \u017ee na\u0161a optika je \u017eabia perspekt\u00edva &#8211; pozer\u00e1me sa na n\u00e1\u0161 obrovsk\u00fd svet zv\u00e4\u010d\u0161a zdola hore. Nevid\u00edme ho o\u010dami lietaj\u00faceho orla, preto, ak sa n\u00e1m naskytne mo\u017enos\u0165 nast\u00fapi\u0165 do teplovzdu\u0161n\u00e9ho bal\u00f3na, never\u00edme vlastn\u00fdm o\u010diam&#8230;<\/p>\n","protected":false},"featured_media":6422,"comment_status":"closed","ping_status":"closed","template":"","meta":[],"_links":{"self":[{"href":"https:\/\/btm.sk\/WP\/wp-json\/wp\/v2\/product\/6430"}],"collection":[{"href":"https:\/\/btm.sk\/WP\/wp-json\/wp\/v2\/product"}],"about":[{"href":"https:\/\/btm.sk\/WP\/wp-json\/wp\/v2\/types\/product"}],"replies":[{"embeddable":true,"href":"https:\/\/btm.sk\/WP\/wp-json\/wp\/v2\/comments?post=6430"}],"wp:featuredmedia":[{"embeddable":true,"href":"https:\/\/btm.sk\/WP\/wp-json\/wp\/v2\/media\/6422"}],"wp:attachment":[{"href":"https:\/\/btm.sk\/WP\/wp-json\/wp\/v2\/media?parent=6430"}],"curies":[{"name":"wp","href":"https:\/\/api.w.org\/{rel}","templated":true}]}}