{"id":6429,"date":"2025-06-11T10:31:03","date_gmt":"2025-06-11T08:31:03","guid":{"rendered":"https:\/\/btm.sk\/WP\/?post_type=product&#038;p=6429"},"modified":"2025-08-22T18:49:56","modified_gmt":"2025-08-22T16:49:56","slug":"pramienky","status":"publish","type":"product","link":"https:\/\/btm.sk\/WP\/produkt\/pramienky\/","title":{"rendered":"pramienky"},"content":{"rendered":"","protected":false},"excerpt":{"rendered":"<p>Ma\u013eovanka s b\u00e1sni\u010dkou Janky Nagajovej, kr\u00e1tkym textom a biblick\u00fdm ver\u0161om z listu \u017didom 6,7.<\/p>\n","protected":false},"featured_media":6424,"comment_status":"closed","ping_status":"closed","template":"","meta":[],"_links":{"self":[{"href":"https:\/\/btm.sk\/WP\/wp-json\/wp\/v2\/product\/6429"}],"collection":[{"href":"https:\/\/btm.sk\/WP\/wp-json\/wp\/v2\/product"}],"about":[{"href":"https:\/\/btm.sk\/WP\/wp-json\/wp\/v2\/types\/product"}],"replies":[{"embeddable":true,"href":"https:\/\/btm.sk\/WP\/wp-json\/wp\/v2\/comments?post=6429"}],"wp:featuredmedia":[{"embeddable":true,"href":"https:\/\/btm.sk\/WP\/wp-json\/wp\/v2\/media\/6424"}],"wp:attachment":[{"href":"https:\/\/btm.sk\/WP\/wp-json\/wp\/v2\/media?parent=6429"}],"curies":[{"name":"wp","href":"https:\/\/api.w.org\/{rel}","templated":true}]}}