{"id":6420,"date":"2025-06-11T10:27:21","date_gmt":"2025-06-11T08:27:21","guid":{"rendered":"https:\/\/btm.sk\/WP\/?post_type=product&#038;p=6420"},"modified":"2025-08-22T18:49:58","modified_gmt":"2025-08-22T16:49:58","slug":"bozi-anjeli","status":"publish","type":"product","link":"https:\/\/btm.sk\/WP\/produkt\/bozi-anjeli\/","title":{"rendered":"Bo\u017e\u00ed anjeli"},"content":{"rendered":"","protected":false},"excerpt":{"rendered":"<p>Podstata n\u00e1\u0161ho \u017eivota je v tom, KTO je nad nami &#8211; je to BOH, ktor\u00fd n\u00e1m hovor\u00ed \u00faplne jednoducho a jasne: Moji anjeli bud\u00fa kv\u00f4li tebe st\u00e1le v pohybe.<\/p>\n","protected":false},"featured_media":6421,"comment_status":"closed","ping_status":"closed","template":"","meta":[],"_links":{"self":[{"href":"https:\/\/btm.sk\/WP\/wp-json\/wp\/v2\/product\/6420"}],"collection":[{"href":"https:\/\/btm.sk\/WP\/wp-json\/wp\/v2\/product"}],"about":[{"href":"https:\/\/btm.sk\/WP\/wp-json\/wp\/v2\/types\/product"}],"replies":[{"embeddable":true,"href":"https:\/\/btm.sk\/WP\/wp-json\/wp\/v2\/comments?post=6420"}],"wp:featuredmedia":[{"embeddable":true,"href":"https:\/\/btm.sk\/WP\/wp-json\/wp\/v2\/media\/6421"}],"wp:attachment":[{"href":"https:\/\/btm.sk\/WP\/wp-json\/wp\/v2\/media?parent=6420"}],"curies":[{"name":"wp","href":"https:\/\/api.w.org\/{rel}","templated":true}]}}