{"id":6384,"date":"2025-04-19T12:35:12","date_gmt":"2025-04-19T10:35:12","guid":{"rendered":"https:\/\/btm.sk\/WP\/?post_type=product&#038;p=6384"},"modified":"2025-08-22T18:52:55","modified_gmt":"2025-08-22T16:52:55","slug":"nesmrtelna-dusa","status":"publish","type":"product","link":"https:\/\/btm.sk\/WP\/produkt\/nesmrtelna-dusa\/","title":{"rendered":"nesmrte\u013en\u00e1 du\u0161a"},"content":{"rendered":"","protected":false},"excerpt":{"rendered":"<p>\u00davaha o ve\u010dnom byt\u00ed \u013eudskej du\u0161e. \u017divot, ktor\u00fd Boh stvoril, je pre Neho pr\u00edli\u0161 vz\u00e1cny na to, aby zanikol v ni\u010dote&#8230;<\/p>\n","protected":false},"featured_media":6385,"comment_status":"closed","ping_status":"closed","template":"","meta":[],"_links":{"self":[{"href":"https:\/\/btm.sk\/WP\/wp-json\/wp\/v2\/product\/6384"}],"collection":[{"href":"https:\/\/btm.sk\/WP\/wp-json\/wp\/v2\/product"}],"about":[{"href":"https:\/\/btm.sk\/WP\/wp-json\/wp\/v2\/types\/product"}],"replies":[{"embeddable":true,"href":"https:\/\/btm.sk\/WP\/wp-json\/wp\/v2\/comments?post=6384"}],"wp:featuredmedia":[{"embeddable":true,"href":"https:\/\/btm.sk\/WP\/wp-json\/wp\/v2\/media\/6385"}],"wp:attachment":[{"href":"https:\/\/btm.sk\/WP\/wp-json\/wp\/v2\/media?parent=6384"}],"curies":[{"name":"wp","href":"https:\/\/api.w.org\/{rel}","templated":true}]}}