{"id":6337,"date":"2025-03-11T09:08:13","date_gmt":"2025-03-11T08:08:13","guid":{"rendered":"https:\/\/btm.sk\/WP\/?post_type=product&#038;p=6337"},"modified":"2025-04-19T13:02:23","modified_gmt":"2025-04-19T11:02:23","slug":"dakujem-2","status":"publish","type":"product","link":"https:\/\/btm.sk\/WP\/produkt\/dakujem-2\/","title":{"rendered":"\u010eakujem!"},"content":{"rendered":"","protected":false},"excerpt":{"rendered":"<p>Poh\u013eadnica &#8211; blaho\u017eelanie aj modlitba a po\u010fakovanie Bohu za v\u0161etko v na\u0161om \u017eivote.<\/p>\n","protected":false},"featured_media":6334,"comment_status":"closed","ping_status":"closed","template":"","meta":[],"_links":{"self":[{"href":"https:\/\/btm.sk\/WP\/wp-json\/wp\/v2\/product\/6337"}],"collection":[{"href":"https:\/\/btm.sk\/WP\/wp-json\/wp\/v2\/product"}],"about":[{"href":"https:\/\/btm.sk\/WP\/wp-json\/wp\/v2\/types\/product"}],"replies":[{"embeddable":true,"href":"https:\/\/btm.sk\/WP\/wp-json\/wp\/v2\/comments?post=6337"}],"wp:featuredmedia":[{"embeddable":true,"href":"https:\/\/btm.sk\/WP\/wp-json\/wp\/v2\/media\/6334"}],"wp:attachment":[{"href":"https:\/\/btm.sk\/WP\/wp-json\/wp\/v2\/media?parent=6337"}],"curies":[{"name":"wp","href":"https:\/\/api.w.org\/{rel}","templated":true}]}}