{"id":6336,"date":"2025-03-11T09:06:28","date_gmt":"2025-03-11T08:06:28","guid":{"rendered":"https:\/\/btm.sk\/WP\/?post_type=product&#038;p=6336"},"modified":"2025-04-19T12:42:50","modified_gmt":"2025-04-19T10:42:50","slug":"radikalny-kristus","status":"publish","type":"product","link":"https:\/\/btm.sk\/WP\/produkt\/radikalny-kristus\/","title":{"rendered":"radik\u00e1lny Kristus"},"content":{"rendered":"","protected":false},"excerpt":{"rendered":"<p>Sviatky Ve\u013ekej Noci n\u00e1m pripom\u00ednaj\u00fa najradik\u00e1lnej\u0161\u00ed \u010din z\u00e1chrany. Boh, ktor\u00fd sa vtelil do \u013eudsk\u00e9ho tela Je\u017ei\u0161a Krista, vybojoval definit\u00edvne v\u00ed\u0165azstvo nad \u013eudskou biedou, poru\u0161enos\u0165ou, zlo\u010dinnos\u0165ou a smrte\u013enos\u0165ou&#8230;<\/p>\n","protected":false},"featured_media":6331,"comment_status":"closed","ping_status":"closed","template":"","meta":[],"_links":{"self":[{"href":"https:\/\/btm.sk\/WP\/wp-json\/wp\/v2\/product\/6336"}],"collection":[{"href":"https:\/\/btm.sk\/WP\/wp-json\/wp\/v2\/product"}],"about":[{"href":"https:\/\/btm.sk\/WP\/wp-json\/wp\/v2\/types\/product"}],"replies":[{"embeddable":true,"href":"https:\/\/btm.sk\/WP\/wp-json\/wp\/v2\/comments?post=6336"}],"wp:featuredmedia":[{"embeddable":true,"href":"https:\/\/btm.sk\/WP\/wp-json\/wp\/v2\/media\/6331"}],"wp:attachment":[{"href":"https:\/\/btm.sk\/WP\/wp-json\/wp\/v2\/media?parent=6336"}],"curies":[{"name":"wp","href":"https:\/\/api.w.org\/{rel}","templated":true}]}}