{"id":6335,"date":"2025-03-11T09:04:50","date_gmt":"2025-03-11T08:04:50","guid":{"rendered":"https:\/\/btm.sk\/WP\/?post_type=product&#038;p=6335"},"modified":"2025-04-19T12:42:54","modified_gmt":"2025-04-19T10:42:54","slug":"golgota","status":"publish","type":"product","link":"https:\/\/btm.sk\/WP\/produkt\/golgota\/","title":{"rendered":"Golgota"},"content":{"rendered":"","protected":false},"excerpt":{"rendered":"<p>Magnetka s bilick\u00fdm ver\u0161om z ev. J\u00e1na 3,17.<\/p>\n","protected":false},"featured_media":6333,"comment_status":"closed","ping_status":"closed","template":"","meta":[],"_links":{"self":[{"href":"https:\/\/btm.sk\/WP\/wp-json\/wp\/v2\/product\/6335"}],"collection":[{"href":"https:\/\/btm.sk\/WP\/wp-json\/wp\/v2\/product"}],"about":[{"href":"https:\/\/btm.sk\/WP\/wp-json\/wp\/v2\/types\/product"}],"replies":[{"embeddable":true,"href":"https:\/\/btm.sk\/WP\/wp-json\/wp\/v2\/comments?post=6335"}],"wp:featuredmedia":[{"embeddable":true,"href":"https:\/\/btm.sk\/WP\/wp-json\/wp\/v2\/media\/6333"}],"wp:attachment":[{"href":"https:\/\/btm.sk\/WP\/wp-json\/wp\/v2\/media?parent=6335"}],"curies":[{"name":"wp","href":"https:\/\/api.w.org\/{rel}","templated":true}]}}