{"id":6305,"date":"2025-01-24T14:59:13","date_gmt":"2025-01-24T13:59:13","guid":{"rendered":"https:\/\/btm.sk\/WP\/?post_type=product&#038;p=6305"},"modified":"2025-03-11T09:09:45","modified_gmt":"2025-03-11T08:09:45","slug":"laska-kona","status":"publish","type":"product","link":"https:\/\/btm.sk\/WP\/produkt\/laska-kona\/","title":{"rendered":"l\u00e1ska kon\u00e1&#8230;"},"content":{"rendered":"","protected":false},"excerpt":{"rendered":"<p>Poh\u013eadnica &#8211; blaho\u017eelanie k svadbe, alebo len tak &#8211; pre zamilovan\u00fdch. Kr\u00e1tky text o l\u00e1ske a biblick\u00fd ver\u0161: V l\u00e1ske niet strachu, ale dokonal\u00e1 l\u00e1ska vyh\u00e1\u0148a strach. (1. list J\u00e1na 4,18)<\/p>\n","protected":false},"featured_media":6297,"comment_status":"closed","ping_status":"closed","template":"","meta":[],"_links":{"self":[{"href":"https:\/\/btm.sk\/WP\/wp-json\/wp\/v2\/product\/6305"}],"collection":[{"href":"https:\/\/btm.sk\/WP\/wp-json\/wp\/v2\/product"}],"about":[{"href":"https:\/\/btm.sk\/WP\/wp-json\/wp\/v2\/types\/product"}],"replies":[{"embeddable":true,"href":"https:\/\/btm.sk\/WP\/wp-json\/wp\/v2\/comments?post=6305"}],"wp:featuredmedia":[{"embeddable":true,"href":"https:\/\/btm.sk\/WP\/wp-json\/wp\/v2\/media\/6297"}],"wp:attachment":[{"href":"https:\/\/btm.sk\/WP\/wp-json\/wp\/v2\/media?parent=6305"}],"curies":[{"name":"wp","href":"https:\/\/api.w.org\/{rel}","templated":true}]}}