{"id":6304,"date":"2025-01-24T14:58:15","date_gmt":"2025-01-24T13:58:15","guid":{"rendered":"https:\/\/btm.sk\/WP\/?post_type=product&#038;p=6304"},"modified":"2025-03-11T09:09:46","modified_gmt":"2025-03-11T08:09:46","slug":"zivot-ako-cesta-k-zmyslu","status":"publish","type":"product","link":"https:\/\/btm.sk\/WP\/produkt\/zivot-ako-cesta-k-zmyslu\/","title":{"rendered":"\u017eivot ako cesta k zmyslu!"},"content":{"rendered":"","protected":false},"excerpt":{"rendered":"<p>\u017divot je dlh\u00e1 cesta, po\u010das ktorej sa odohr\u00e1va dramatick\u00fd dej rastu a v\u00fdvoja \u010dloveka&#8230; Ale \u017eivot je aj cesta &#8211; n\u00e1vrat k prame\u0148u Stvorite\u013esk\u00e9ho LOGOS-u, v ktorom sa ukr\u00fdva p\u00f4vodn\u00fd ZMYSEL \u013eudskej existencie&#8230;<\/p>\n","protected":false},"featured_media":6298,"comment_status":"closed","ping_status":"closed","template":"","meta":[],"_links":{"self":[{"href":"https:\/\/btm.sk\/WP\/wp-json\/wp\/v2\/product\/6304"}],"collection":[{"href":"https:\/\/btm.sk\/WP\/wp-json\/wp\/v2\/product"}],"about":[{"href":"https:\/\/btm.sk\/WP\/wp-json\/wp\/v2\/types\/product"}],"replies":[{"embeddable":true,"href":"https:\/\/btm.sk\/WP\/wp-json\/wp\/v2\/comments?post=6304"}],"wp:featuredmedia":[{"embeddable":true,"href":"https:\/\/btm.sk\/WP\/wp-json\/wp\/v2\/media\/6298"}],"wp:attachment":[{"href":"https:\/\/btm.sk\/WP\/wp-json\/wp\/v2\/media?parent=6304"}],"curies":[{"name":"wp","href":"https:\/\/api.w.org\/{rel}","templated":true}]}}