{"id":6303,"date":"2025-01-24T14:56:42","date_gmt":"2025-01-24T13:56:42","guid":{"rendered":"https:\/\/btm.sk\/WP\/?post_type=product&#038;p=6303"},"modified":"2025-03-11T19:06:16","modified_gmt":"2025-03-11T18:06:16","slug":"skola-komunikacie-2","status":"publish","type":"product","link":"https:\/\/btm.sk\/WP\/produkt\/skola-komunikacie-2\/","title":{"rendered":"\u0161kola komunik\u00e1cie"},"content":{"rendered":"","protected":false},"excerpt":{"rendered":"<p>Sme tu jeden pre druh\u00e9ho a v \u0161kole vz\u0165ahov sa m\u00e1me nanovo u\u010di\u0165 umeniu \u00faprimnej, bezpe\u010dnej a d\u00f4vernej komunik\u00e1cie, ktor\u00e1 sa stane trval\u00fdm rozhovorom, postupnou cestou k porozumeniu, poznaniu a pochopeniu druh\u00e9ho \u010dloveka. (20-stranov\u00e1 bro\u017e\u00farka)<\/p>\n","protected":false},"featured_media":4762,"comment_status":"closed","ping_status":"closed","template":"","meta":[],"_links":{"self":[{"href":"https:\/\/btm.sk\/WP\/wp-json\/wp\/v2\/product\/6303"}],"collection":[{"href":"https:\/\/btm.sk\/WP\/wp-json\/wp\/v2\/product"}],"about":[{"href":"https:\/\/btm.sk\/WP\/wp-json\/wp\/v2\/types\/product"}],"replies":[{"embeddable":true,"href":"https:\/\/btm.sk\/WP\/wp-json\/wp\/v2\/comments?post=6303"}],"wp:featuredmedia":[{"embeddable":true,"href":"https:\/\/btm.sk\/WP\/wp-json\/wp\/v2\/media\/4762"}],"wp:attachment":[{"href":"https:\/\/btm.sk\/WP\/wp-json\/wp\/v2\/media?parent=6303"}],"curies":[{"name":"wp","href":"https:\/\/api.w.org\/{rel}","templated":true}]}}