{"id":6302,"date":"2025-01-24T14:52:03","date_gmt":"2025-01-24T13:52:03","guid":{"rendered":"https:\/\/btm.sk\/WP\/?post_type=product&#038;p=6302"},"modified":"2025-03-11T09:09:48","modified_gmt":"2025-03-11T08:09:48","slug":"jezis-je","status":"publish","type":"product","link":"https:\/\/btm.sk\/WP\/produkt\/jezis-je\/","title":{"rendered":"Je\u017ei\u0161 je&#8230;"},"content":{"rendered":"","protected":false},"excerpt":{"rendered":"<p>Je\u017ei\u0161 je &#8211; pre slep\u00e9ho SVETLO, pre hladn\u00e9ho CHLIEB, pre smutn\u00e9ho RADOS\u0164, pre chor\u00e9ho LIEK&#8230; Prajem Ti, aby bol t\u00fdm v\u0161etk\u00fdm aj pre TEBA! (poh\u013eadnica, blaho\u017eelanie)<\/p>\n","protected":false},"featured_media":6295,"comment_status":"closed","ping_status":"closed","template":"","meta":[],"_links":{"self":[{"href":"https:\/\/btm.sk\/WP\/wp-json\/wp\/v2\/product\/6302"}],"collection":[{"href":"https:\/\/btm.sk\/WP\/wp-json\/wp\/v2\/product"}],"about":[{"href":"https:\/\/btm.sk\/WP\/wp-json\/wp\/v2\/types\/product"}],"replies":[{"embeddable":true,"href":"https:\/\/btm.sk\/WP\/wp-json\/wp\/v2\/comments?post=6302"}],"wp:featuredmedia":[{"embeddable":true,"href":"https:\/\/btm.sk\/WP\/wp-json\/wp\/v2\/media\/6295"}],"wp:attachment":[{"href":"https:\/\/btm.sk\/WP\/wp-json\/wp\/v2\/media?parent=6302"}],"curies":[{"name":"wp","href":"https:\/\/api.w.org\/{rel}","templated":true}]}}