{"id":6301,"date":"2025-01-24T14:50:46","date_gmt":"2025-01-24T13:50:46","guid":{"rendered":"https:\/\/btm.sk\/WP\/?post_type=product&#038;p=6301"},"modified":"2025-03-11T09:09:49","modified_gmt":"2025-03-11T08:09:49","slug":"istota","status":"publish","type":"product","link":"https:\/\/btm.sk\/WP\/produkt\/istota\/","title":{"rendered":"istota"},"content":{"rendered":"","protected":false},"excerpt":{"rendered":"<p>Minipoh\u013eadnica s kr\u00e1tkym textom a biblick\u00fdmi ver\u0161ami zo \u017ealmu 17,6.<\/p>\n","protected":false},"featured_media":6294,"comment_status":"closed","ping_status":"closed","template":"","meta":[],"_links":{"self":[{"href":"https:\/\/btm.sk\/WP\/wp-json\/wp\/v2\/product\/6301"}],"collection":[{"href":"https:\/\/btm.sk\/WP\/wp-json\/wp\/v2\/product"}],"about":[{"href":"https:\/\/btm.sk\/WP\/wp-json\/wp\/v2\/types\/product"}],"replies":[{"embeddable":true,"href":"https:\/\/btm.sk\/WP\/wp-json\/wp\/v2\/comments?post=6301"}],"wp:featuredmedia":[{"embeddable":true,"href":"https:\/\/btm.sk\/WP\/wp-json\/wp\/v2\/media\/6294"}],"wp:attachment":[{"href":"https:\/\/btm.sk\/WP\/wp-json\/wp\/v2\/media?parent=6301"}],"curies":[{"name":"wp","href":"https:\/\/api.w.org\/{rel}","templated":true}]}}