{"id":6300,"date":"2025-01-24T14:49:14","date_gmt":"2025-01-24T13:49:14","guid":{"rendered":"https:\/\/btm.sk\/WP\/?post_type=product&#038;p=6300"},"modified":"2025-03-11T09:09:50","modified_gmt":"2025-03-11T08:09:50","slug":"ulita-magnetka","status":"publish","type":"product","link":"https:\/\/btm.sk\/WP\/produkt\/ulita-magnetka\/","title":{"rendered":"ulita &#8211; magnetka"},"content":{"rendered":"","protected":false},"excerpt":{"rendered":"<p>Magnetka s biblick\u00fdm ver\u0161om zo \u017ealmu 103,2.<\/p>\n","protected":false},"featured_media":6296,"comment_status":"closed","ping_status":"closed","template":"","meta":[],"_links":{"self":[{"href":"https:\/\/btm.sk\/WP\/wp-json\/wp\/v2\/product\/6300"}],"collection":[{"href":"https:\/\/btm.sk\/WP\/wp-json\/wp\/v2\/product"}],"about":[{"href":"https:\/\/btm.sk\/WP\/wp-json\/wp\/v2\/types\/product"}],"replies":[{"embeddable":true,"href":"https:\/\/btm.sk\/WP\/wp-json\/wp\/v2\/comments?post=6300"}],"wp:featuredmedia":[{"embeddable":true,"href":"https:\/\/btm.sk\/WP\/wp-json\/wp\/v2\/media\/6296"}],"wp:attachment":[{"href":"https:\/\/btm.sk\/WP\/wp-json\/wp\/v2\/media?parent=6300"}],"curies":[{"name":"wp","href":"https:\/\/api.w.org\/{rel}","templated":true}]}}