{"id":6156,"date":"2024-10-27T15:22:37","date_gmt":"2024-10-27T14:22:37","guid":{"rendered":"https:\/\/btm.sk\/WP\/?post_type=product&#038;p=6156"},"modified":"2025-02-10T16:22:33","modified_gmt":"2025-02-10T15:22:33","slug":"bozi-dar","status":"publish","type":"product","link":"https:\/\/btm.sk\/WP\/produkt\/bozi-dar\/","title":{"rendered":"Bo\u017e\u00ed dar"},"content":{"rendered":"","protected":false},"excerpt":{"rendered":"<p class=\"western\" align=\"left\"><span style=\"color: #1b1b1b;\"><span style=\"font-family: Arial, sans-serif;\"><span style=\"font-size: medium;\">Cel\u00fd svet, ale aj n\u00e1\u0161 \u017eivot, je Bo\u017e\u00edm darom pre \u010dloveka, pre ka\u017ed\u00e9ho jedn\u00e9ho n\u00e1s&#8230;<\/span><\/span><\/span><\/p>\n","protected":false},"featured_media":6137,"comment_status":"closed","ping_status":"closed","template":"","meta":[],"_links":{"self":[{"href":"https:\/\/btm.sk\/WP\/wp-json\/wp\/v2\/product\/6156"}],"collection":[{"href":"https:\/\/btm.sk\/WP\/wp-json\/wp\/v2\/product"}],"about":[{"href":"https:\/\/btm.sk\/WP\/wp-json\/wp\/v2\/types\/product"}],"replies":[{"embeddable":true,"href":"https:\/\/btm.sk\/WP\/wp-json\/wp\/v2\/comments?post=6156"}],"wp:featuredmedia":[{"embeddable":true,"href":"https:\/\/btm.sk\/WP\/wp-json\/wp\/v2\/media\/6137"}],"wp:attachment":[{"href":"https:\/\/btm.sk\/WP\/wp-json\/wp\/v2\/media?parent=6156"}],"curies":[{"name":"wp","href":"https:\/\/api.w.org\/{rel}","templated":true}]}}