{"id":6155,"date":"2024-10-27T15:20:51","date_gmt":"2024-10-27T14:20:51","guid":{"rendered":"https:\/\/btm.sk\/WP\/?post_type=product&#038;p=6155"},"modified":"2025-02-10T16:22:44","modified_gmt":"2025-02-10T15:22:44","slug":"su-vianoce","status":"publish","type":"product","link":"https:\/\/btm.sk\/WP\/produkt\/su-vianoce\/","title":{"rendered":"&#8230;s\u00fa Vianoce"},"content":{"rendered":"","protected":false},"excerpt":{"rendered":"<p>Viano\u010dn\u00e1 poh\u013eadnica s b\u00e1s\u0148ou Evy Bachletovej a biblick\u00fdmi ver\u0161ami zo \u017dalmu 96,1-2.<\/p>\n","protected":false},"featured_media":6138,"comment_status":"closed","ping_status":"closed","template":"","meta":[],"_links":{"self":[{"href":"https:\/\/btm.sk\/WP\/wp-json\/wp\/v2\/product\/6155"}],"collection":[{"href":"https:\/\/btm.sk\/WP\/wp-json\/wp\/v2\/product"}],"about":[{"href":"https:\/\/btm.sk\/WP\/wp-json\/wp\/v2\/types\/product"}],"replies":[{"embeddable":true,"href":"https:\/\/btm.sk\/WP\/wp-json\/wp\/v2\/comments?post=6155"}],"wp:featuredmedia":[{"embeddable":true,"href":"https:\/\/btm.sk\/WP\/wp-json\/wp\/v2\/media\/6138"}],"wp:attachment":[{"href":"https:\/\/btm.sk\/WP\/wp-json\/wp\/v2\/media?parent=6155"}],"curies":[{"name":"wp","href":"https:\/\/api.w.org\/{rel}","templated":true}]}}