{"id":6154,"date":"2024-10-27T15:18:22","date_gmt":"2024-10-27T14:18:22","guid":{"rendered":"https:\/\/btm.sk\/WP\/?post_type=product&#038;p=6154"},"modified":"2025-02-10T16:23:00","modified_gmt":"2025-02-10T15:23:00","slug":"adventna-modlitba","status":"publish","type":"product","link":"https:\/\/btm.sk\/WP\/produkt\/adventna-modlitba\/","title":{"rendered":"adventn\u00e1 modlitba"},"content":{"rendered":"","protected":false},"excerpt":{"rendered":"<p class=\"western\" lang=\"en-US\"><span style=\"font-family: Arial, sans-serif;\"><span lang=\"sk-SK\">Bo\u017ee daj, nech je tento adventn\u00fd \u010das \u010dasom po\u017eehnania, v ktorom budeme naplno pre\u017e\u00edva\u0165 pr\u00edtomn\u00fd okamih&#8230;<\/span><\/span><\/p>\n","protected":false},"featured_media":6139,"comment_status":"closed","ping_status":"closed","template":"","meta":[],"_links":{"self":[{"href":"https:\/\/btm.sk\/WP\/wp-json\/wp\/v2\/product\/6154"}],"collection":[{"href":"https:\/\/btm.sk\/WP\/wp-json\/wp\/v2\/product"}],"about":[{"href":"https:\/\/btm.sk\/WP\/wp-json\/wp\/v2\/types\/product"}],"replies":[{"embeddable":true,"href":"https:\/\/btm.sk\/WP\/wp-json\/wp\/v2\/comments?post=6154"}],"wp:featuredmedia":[{"embeddable":true,"href":"https:\/\/btm.sk\/WP\/wp-json\/wp\/v2\/media\/6139"}],"wp:attachment":[{"href":"https:\/\/btm.sk\/WP\/wp-json\/wp\/v2\/media?parent=6154"}],"curies":[{"name":"wp","href":"https:\/\/api.w.org\/{rel}","templated":true}]}}