{"id":6151,"date":"2024-10-27T15:12:12","date_gmt":"2024-10-27T14:12:12","guid":{"rendered":"https:\/\/btm.sk\/WP\/?post_type=product&#038;p=6151"},"modified":"2026-01-02T12:34:37","modified_gmt":"2026-01-02T11:34:37","slug":"prisiel-medzi-nas-dobry-pastier","status":"publish","type":"product","link":"https:\/\/btm.sk\/WP\/produkt\/prisiel-medzi-nas-dobry-pastier\/","title":{"rendered":"pri\u0161iel medzi n\u00e1s DOBR\u00dd PASTIER"},"content":{"rendered":"","protected":false},"excerpt":{"rendered":"<p>\u010cas Vianoc je sviatkom narodenia ve\u013ek\u00e9ho Pastiera \u013eudskej du\u0161e. Biblick\u00e1 metafora o pastierovi a ovciach je najzn\u00e1mej\u0161\u00edm biblick\u00fdm obrazom o Bohu a jeho vz\u0165ahu k \u013eu\u010fom.<\/p>\n","protected":false},"featured_media":6135,"comment_status":"closed","ping_status":"closed","template":"","meta":[],"_links":{"self":[{"href":"https:\/\/btm.sk\/WP\/wp-json\/wp\/v2\/product\/6151"}],"collection":[{"href":"https:\/\/btm.sk\/WP\/wp-json\/wp\/v2\/product"}],"about":[{"href":"https:\/\/btm.sk\/WP\/wp-json\/wp\/v2\/types\/product"}],"replies":[{"embeddable":true,"href":"https:\/\/btm.sk\/WP\/wp-json\/wp\/v2\/comments?post=6151"}],"wp:featuredmedia":[{"embeddable":true,"href":"https:\/\/btm.sk\/WP\/wp-json\/wp\/v2\/media\/6135"}],"wp:attachment":[{"href":"https:\/\/btm.sk\/WP\/wp-json\/wp\/v2\/media?parent=6151"}],"curies":[{"name":"wp","href":"https:\/\/api.w.org\/{rel}","templated":true}]}}